{"id":834,"date":"2021-03-16T15:29:42","date_gmt":"2021-03-16T14:29:42","guid":{"rendered":"https:\/\/maxtotechnology.pl\/?page_id=834"},"modified":"2024-09-05T07:40:27","modified_gmt":"2024-09-05T05:40:27","slug":"systems-for-pkp-railway-infrastructure","status":"publish","type":"page","link":"https:\/\/maxtotechnology.pl\/en\/systems-for-pkp-railway-infrastructure\/","title":{"rendered":"SYSTEMS FOR PKP RAILWAY INFRASTRUCTURE"},"content":{"rendered":"<section class=\"wpb-content-wrapper\"><p>[vc_row unlock_row_content=&#8221;yes&#8221; row_height_percent=&#8221;0&#8243; override_padding=&#8221;yes&#8221; h_padding=&#8221;0&#8243; top_padding=&#8221;0&#8243; bottom_padding=&#8221;0&#8243; overlay_alpha=&#8221;50&#8243; equal_height=&#8221;yes&#8221; gutter_size=&#8221;0&#8243; column_width_use_pixel=&#8221;yes&#8221; shift_y=&#8221;0&#8243; z_index=&#8221;0&#8243; el_class=&#8221;inverted-device-order&#8221; column_width_pixel=&#8221;1600&#8243;][vc_column column_width_percent=&#8221;100&#8243; position_vertical=&#8221;middle&#8221; gutter_size=&#8221;3&#8243; override_padding=&#8221;yes&#8221; column_padding=&#8221;2&#8243; overlay_alpha=&#8221;50&#8243; shift_x=&#8221;0&#8243; shift_y=&#8221;0&#8243; shift_y_down=&#8221;0&#8243; z_index=&#8221;0&#8243; medium_width=&#8221;0&#8243; mobile_width=&#8221;0&#8243; width=&#8221;1\/2&#8243;][vc_custom_heading heading_semantic=&#8221;h3&#8243; text_size=&#8221;h1&#8243; separator=&#8221;yes&#8221; separator_color=&#8221;yes&#8221; uncode_shortcode_id=&#8221;210231&#8243;]SYSTEMS FOR PKP RAILWAY INFRASTRUCTURE[\/vc_custom_heading][vc_column_text uncode_shortcode_id=&#8221;327132&#8243;]Regarding the Railway Infrastructure Systems for PKP PLK, we offer a whole range of equipment that is consistent with the solutions described in instructions Ipi-4 and Ipi-6:<\/p>\n<ul>\n<li>Surveillance System<\/li>\n<li>Emergency Assistance and Alarm System<\/li>\n<li>Dynamic Passenger Information System<\/li>\n<li>Public Address System (with the controller)<\/li>\n<li>Assistive Listening System<\/li>\n<li>Time Indication System<\/li>\n<li>Train Detection Sensors<\/li>\n<\/ul>\n<p>[\/vc_column_text][\/vc_column][vc_column width=&#8221;1\/2&#8243;][vc_single_image media=&#8221;511&#8243; media_width_percent=&#8221;100&#8243; media_ratio=&#8221;one-one&#8221;][\/vc_column][\/vc_row][vc_row unlock_row_content=&#8221;yes&#8221; row_height_percent=&#8221;0&#8243; override_padding=&#8221;yes&#8221; h_padding=&#8221;0&#8243; top_padding=&#8221;0&#8243; bottom_padding=&#8221;0&#8243; overlay_alpha=&#8221;50&#8243; equal_height=&#8221;yes&#8221; gutter_size=&#8221;0&#8243; column_width_use_pixel=&#8221;yes&#8221; shift_y=&#8221;0&#8243; z_index=&#8221;0&#8243; desktop_visibility=&#8221;yes&#8221; medium_visibility=&#8221;yes&#8221; mobile_visibility=&#8221;yes&#8221; el_class=&#8221;inverted-device-order&#8221; column_width_pixel=&#8221;1600&#8243;][vc_column column_width_percent=&#8221;100&#8243; position_vertical=&#8221;middle&#8221; gutter_size=&#8221;3&#8243; overlay_alpha=&#8221;50&#8243; shift_x=&#8221;0&#8243; shift_y=&#8221;0&#8243; shift_y_down=&#8221;0&#8243; z_index=&#8221;0&#8243; medium_width=&#8221;0&#8243; mobile_width=&#8221;0&#8243; width=&#8221;1\/2&#8243;][vc_single_image media=&#8221;508&#8243; media_width_percent=&#8221;100&#8243; media_ratio=&#8221;three-four&#8221;][\/vc_column][vc_column column_width_percent=&#8221;100&#8243; position_vertical=&#8221;middle&#8221; gutter_size=&#8221;3&#8243; override_padding=&#8221;yes&#8221; column_padding=&#8221;2&#8243; overlay_alpha=&#8221;50&#8243; shift_x=&#8221;0&#8243; shift_y=&#8221;0&#8243; shift_y_down=&#8221;0&#8243; z_index=&#8221;0&#8243; medium_width=&#8221;0&#8243; mobile_width=&#8221;0&#8243; width=&#8221;1\/2&#8243;][vc_custom_heading heading_semantic=&#8221;h3&#8243; text_size=&#8221;h1&#8243; separator=&#8221;yes&#8221; separator_color=&#8221;yes&#8221;]Platforma Inteligentnej Analizy Obrazu[\/vc_custom_heading][vc_column_text]Platforma w ramach jednego \u015brodowiska i jednego interfejsu integruje wszystkie popularne rodzaje monitoringu.<\/p>\n<p><strong>Powy\u017csza integracja obejmuje co najmniej systemy:<\/strong><\/p>\n<ol>\n<li>SSWiN,<\/li>\n<li>P. PO\u017b.,<\/li>\n<li>SKD,<\/li>\n<li>CCTV,<\/li>\n<li>GPS (pojazdy i osoby),<\/li>\n<li>Monitoring pracownik\u00f3w terenowych (stra\u017cnicy) oraz telemetria (pomiary temperatury, wilgotno\u015bci, impuls\u00f3w, t\u0119tna).<\/li>\n<\/ol>\n<p>Jest to rozwi\u0105zanie nie spotykane na tak\u0105 skal\u0119 w systemach VMS.<\/p>\n<p>Aplikacja zapewnia nie tylko obs\u0142ug\u0119 ka\u017cdego typu urz\u0105dze\u0144 osobno, ale umo\u017cliwia tworzenie rozwi\u0105za\u0144 hybrydowych \u0142\u0105cz\u0105cych r\u00f3\u017cne \u017ar\u00f3d\u0142a sygna\u0142\u00f3w jeden sp\u00f3jny system zabezpiecze\u0144 obiektu.<\/p>\n<p>Platforma jest otwarta, tak aby by\u0107 przygotowan\u0105 na integracj\u0119 zar\u00f3wno istniej\u0105cych system\u00f3w bezpiecze\u0144stwa, jak i tych, kt\u00f3re b\u0119d\u0105 pod\u0142\u0105czane w przysz\u0142o\u015bci.<\/p>\n<p>Rozwi\u0105zanie sk\u0142ada si\u0119 z cz\u0119\u015bci programowej uruchomionej w centrum zarz\u0105dzania, jak i sprz\u0119towej zapewniaj\u0105cej obs\u0142ug\u0119 kamer i analityki wideo na obiekcie.<\/p>\n<p>Obok integracji r\u00f3\u017cnych system\u00f3w bezpiecze\u0144stwa platforma wspiera pozosta\u0142e procesy zwi\u0105zane z prac\u0105 firmy jak m.in.:<\/p>\n<ul>\n<li>realizacj\u0119 serwis\u00f3w,<\/li>\n<li>dystrybucj\u0119 dokument\u00f3w, procedur i og\u0142osze\u0144,<\/li>\n<li>zarz\u0105dzanie przepustkami i kluczami,<\/li>\n<li>przygotowywanie kart dost\u0119pu.<\/li>\n<\/ul>\n<p>[\/vc_column_text][\/vc_column][\/vc_row]<\/p>\n<\/section>","protected":false},"excerpt":{"rendered":"<p>[vc_row unlock_row_content=&#8221;yes&#8221; row_height_percent=&#8221;0&#8243; override_padding=&#8221;yes&#8221; h_padding=&#8221;0&#8243; top_padding=&#8221;0&#8243; bottom_padding=&#8221;0&#8243; overlay_alpha=&#8221;50&#8243; equal_height=&#8221;yes&#8221; gutter_size=&#8221;0&#8243; column_width_use_pixel=&#8221;yes&#8221; shift_y=&#8221;0&#8243; z_index=&#8221;0&#8243; el_class=&#8221;inverted-device-order&#8221; column_width_pixel=&#8221;1600&#8243;][vc_column column_width_percent=&#8221;100&#8243; position_vertical=&#8221;middle&#8221; gutter_size=&#8221;3&#8243; override_padding=&#8221;yes&#8221; column_padding=&#8221;2&#8243; [&hellip;]<\/p>\n","protected":false},"author":1,"featured_media":513,"parent":0,"menu_order":0,"comment_status":"closed","ping_status":"closed","template":"","meta":{"footnotes":""},"_links":{"self":[{"href":"https:\/\/maxtotechnology.pl\/en\/wp-json\/wp\/v2\/pages\/834"}],"collection":[{"href":"https:\/\/maxtotechnology.pl\/en\/wp-json\/wp\/v2\/pages"}],"about":[{"href":"https:\/\/maxtotechnology.pl\/en\/wp-json\/wp\/v2\/types\/page"}],"author":[{"embeddable":true,"href":"https:\/\/maxtotechnology.pl\/en\/wp-json\/wp\/v2\/users\/1"}],"replies":[{"embeddable":true,"href":"https:\/\/maxtotechnology.pl\/en\/wp-json\/wp\/v2\/comments?post=834"}],"version-history":[{"count":1,"href":"https:\/\/maxtotechnology.pl\/en\/wp-json\/wp\/v2\/pages\/834\/revisions"}],"predecessor-version":[{"id":835,"href":"https:\/\/maxtotechnology.pl\/en\/wp-json\/wp\/v2\/pages\/834\/revisions\/835"}],"wp:featuredmedia":[{"embeddable":true,"href":"https:\/\/maxtotechnology.pl\/en\/wp-json\/wp\/v2\/media\/513"}],"wp:attachment":[{"href":"https:\/\/maxtotechnology.pl\/en\/wp-json\/wp\/v2\/media?parent=834"}],"curies":[{"name":"wp","href":"https:\/\/api.w.org\/{rel}","templated":true}]}}